{"id":189,"date":"2011-03-23T23:01:01","date_gmt":"2011-03-23T22:01:01","guid":{"rendered":"https:\/\/destination-ia.com\/index.php\/contact\/"},"modified":"2011-03-23T23:01:01","modified_gmt":"2011-03-23T22:01:01","slug":"contact","status":"publish","type":"page","link":"https:\/\/destination-ia.com\/index.php\/contact\/","title":{"rendered":"Contact"},"content":{"rendered":"<!--themify_builder_content-->\n<div id=\"themify_builder_content-189\" data-postid=\"189\" class=\"themify_builder_content themify_builder_content-189 themify_builder tf_clear\">\n                    <div  data-lazy=\"1\" class=\"module_row themify_builder_row tb_ikk7432 tb_first tf_w\">\n                        <div class=\"row_inner col_align_top tb_col_count_1 tf_box tf_rel\">\n                        <div  data-lazy=\"1\" class=\"module_column tb-column col-full tb_1gci433 first\">\n                            <\/div>\n                        <\/div>\n        <\/div>\n        <\/div>\n<!--\/themify_builder_content-->","protected":false},"excerpt":{"rendered":"","protected":false},"author":1,"featured_media":0,"parent":0,"menu_order":0,"comment_status":"closed","ping_status":"closed","template":"","meta":{"footnotes":""},"class_list":["post-189","page","type-page","status-publish","hentry","has-post-title","has-post-date","has-post-category","has-post-tag","has-post-comment","has-post-author",""],"yoast_head":"<!-- This site is optimized with the Yoast SEO plugin v24.3 - https:\/\/yoast.com\/wordpress\/plugins\/seo\/ -->\n<title>Contact -<\/title>\n<meta name=\"robots\" content=\"index, follow, max-snippet:-1, max-image-preview:large, max-video-preview:-1\" \/>\n<link rel=\"canonical\" href=\"https:\/\/destination-ia.com\/index.php\/contact\/\" \/>\n<meta property=\"og:locale\" content=\"fr_FR\" \/>\n<meta property=\"og:type\" content=\"article\" \/>\n<meta property=\"og:title\" content=\"Contact -\" \/>\n<meta property=\"og:url\" content=\"https:\/\/destination-ia.com\/index.php\/contact\/\" \/>\n<meta name=\"twitter:card\" content=\"summary_large_image\" \/>\n<script type=\"application\/ld+json\" class=\"yoast-schema-graph\">{\"@context\":\"https:\/\/schema.org\",\"@graph\":[{\"@type\":\"WebPage\",\"@id\":\"https:\/\/destination-ia.com\/index.php\/contact\/\",\"url\":\"https:\/\/destination-ia.com\/index.php\/contact\/\",\"name\":\"Contact -\",\"isPartOf\":{\"@id\":\"https:\/\/destination-ia.com\/#website\"},\"datePublished\":\"2011-03-23T22:01:01+00:00\",\"dateModified\":\"2011-03-23T22:01:01+00:00\",\"breadcrumb\":{\"@id\":\"https:\/\/destination-ia.com\/index.php\/contact\/#breadcrumb\"},\"inLanguage\":\"fr-FR\",\"potentialAction\":[{\"@type\":\"ReadAction\",\"target\":[\"https:\/\/destination-ia.com\/index.php\/contact\/\"]}]},{\"@type\":\"BreadcrumbList\",\"@id\":\"https:\/\/destination-ia.com\/index.php\/contact\/#breadcrumb\",\"itemListElement\":[{\"@type\":\"ListItem\",\"position\":1,\"name\":\"Accueil\",\"item\":\"https:\/\/destination-ia.com\/\"},{\"@type\":\"ListItem\",\"position\":2,\"name\":\"Contact\"}]},{\"@type\":\"WebSite\",\"@id\":\"https:\/\/destination-ia.com\/#website\",\"url\":\"https:\/\/destination-ia.com\/\",\"name\":\"DESTINATION IA - Le blog !\",\"description\":\"Explorez dans mon Blog &quot;DESTINATION IA&quot; un monde o\u00f9 l&#039;intelligence artificielle simplifie, inspire et transforme notre quotidien. Que vous soyez curieux, cr\u00e9atif ou visionnaire, d\u00e9couvrez des histoires captivantes, des outils pratiques et des perspectives \u00e9tonnantes pour comprendre comment l\u2019IA fa\u00e7onne d\u00e9j\u00e0 notre quotidien et red\u00e9finit notre avenir\",\"publisher\":{\"@id\":\"https:\/\/destination-ia.com\/#\/schema\/person\/2b837adfeb818f347b89a0f4d4d632ec\"},\"potentialAction\":[{\"@type\":\"SearchAction\",\"target\":{\"@type\":\"EntryPoint\",\"urlTemplate\":\"https:\/\/destination-ia.com\/?s={search_term_string}\"},\"query-input\":{\"@type\":\"PropertyValueSpecification\",\"valueRequired\":true,\"valueName\":\"search_term_string\"}}],\"inLanguage\":\"fr-FR\"},{\"@type\":[\"Person\",\"Organization\"],\"@id\":\"https:\/\/destination-ia.com\/#\/schema\/person\/2b837adfeb818f347b89a0f4d4d632ec\",\"name\":\"Emmanuel Ferrand\",\"image\":{\"@type\":\"ImageObject\",\"inLanguage\":\"fr-FR\",\"@id\":\"https:\/\/destination-ia.com\/#\/schema\/person\/image\/\",\"url\":\"https:\/\/destination-ia.com\/wp-content\/uploads\/2025\/01\/New-Picture-10.png\",\"contentUrl\":\"https:\/\/destination-ia.com\/wp-content\/uploads\/2025\/01\/New-Picture-10.png\",\"width\":448,\"height\":331,\"caption\":\"Emmanuel Ferrand\"},\"logo\":{\"@id\":\"https:\/\/destination-ia.com\/#\/schema\/person\/image\/\"},\"sameAs\":[\"https:\/\/destination-ia.com\"]}]}<\/script>\n<!-- \/ Yoast SEO plugin. -->","yoast_head_json":{"title":"Contact -","robots":{"index":"index","follow":"follow","max-snippet":"max-snippet:-1","max-image-preview":"max-image-preview:large","max-video-preview":"max-video-preview:-1"},"canonical":"https:\/\/destination-ia.com\/index.php\/contact\/","og_locale":"fr_FR","og_type":"article","og_title":"Contact -","og_url":"https:\/\/destination-ia.com\/index.php\/contact\/","twitter_card":"summary_large_image","schema":{"@context":"https:\/\/schema.org","@graph":[{"@type":"WebPage","@id":"https:\/\/destination-ia.com\/index.php\/contact\/","url":"https:\/\/destination-ia.com\/index.php\/contact\/","name":"Contact -","isPartOf":{"@id":"https:\/\/destination-ia.com\/#website"},"datePublished":"2011-03-23T22:01:01+00:00","dateModified":"2011-03-23T22:01:01+00:00","breadcrumb":{"@id":"https:\/\/destination-ia.com\/index.php\/contact\/#breadcrumb"},"inLanguage":"fr-FR","potentialAction":[{"@type":"ReadAction","target":["https:\/\/destination-ia.com\/index.php\/contact\/"]}]},{"@type":"BreadcrumbList","@id":"https:\/\/destination-ia.com\/index.php\/contact\/#breadcrumb","itemListElement":[{"@type":"ListItem","position":1,"name":"Accueil","item":"https:\/\/destination-ia.com\/"},{"@type":"ListItem","position":2,"name":"Contact"}]},{"@type":"WebSite","@id":"https:\/\/destination-ia.com\/#website","url":"https:\/\/destination-ia.com\/","name":"DESTINATION IA - Le blog !","description":"Explorez dans mon Blog &quot;DESTINATION IA&quot; un monde o\u00f9 l&#039;intelligence artificielle simplifie, inspire et transforme notre quotidien. Que vous soyez curieux, cr\u00e9atif ou visionnaire, d\u00e9couvrez des histoires captivantes, des outils pratiques et des perspectives \u00e9tonnantes pour comprendre comment l\u2019IA fa\u00e7onne d\u00e9j\u00e0 notre quotidien et red\u00e9finit notre avenir","publisher":{"@id":"https:\/\/destination-ia.com\/#\/schema\/person\/2b837adfeb818f347b89a0f4d4d632ec"},"potentialAction":[{"@type":"SearchAction","target":{"@type":"EntryPoint","urlTemplate":"https:\/\/destination-ia.com\/?s={search_term_string}"},"query-input":{"@type":"PropertyValueSpecification","valueRequired":true,"valueName":"search_term_string"}}],"inLanguage":"fr-FR"},{"@type":["Person","Organization"],"@id":"https:\/\/destination-ia.com\/#\/schema\/person\/2b837adfeb818f347b89a0f4d4d632ec","name":"Emmanuel Ferrand","image":{"@type":"ImageObject","inLanguage":"fr-FR","@id":"https:\/\/destination-ia.com\/#\/schema\/person\/image\/","url":"https:\/\/destination-ia.com\/wp-content\/uploads\/2025\/01\/New-Picture-10.png","contentUrl":"https:\/\/destination-ia.com\/wp-content\/uploads\/2025\/01\/New-Picture-10.png","width":448,"height":331,"caption":"Emmanuel Ferrand"},"logo":{"@id":"https:\/\/destination-ia.com\/#\/schema\/person\/image\/"},"sameAs":["https:\/\/destination-ia.com"]}]}},"builder_content":"","_links":{"self":[{"href":"https:\/\/destination-ia.com\/index.php\/wp-json\/wp\/v2\/pages\/189","targetHints":{"allow":["GET"]}}],"collection":[{"href":"https:\/\/destination-ia.com\/index.php\/wp-json\/wp\/v2\/pages"}],"about":[{"href":"https:\/\/destination-ia.com\/index.php\/wp-json\/wp\/v2\/types\/page"}],"author":[{"embeddable":true,"href":"https:\/\/destination-ia.com\/index.php\/wp-json\/wp\/v2\/users\/1"}],"replies":[{"embeddable":true,"href":"https:\/\/destination-ia.com\/index.php\/wp-json\/wp\/v2\/comments?post=189"}],"version-history":[{"count":1,"href":"https:\/\/destination-ia.com\/index.php\/wp-json\/wp\/v2\/pages\/189\/revisions"}],"predecessor-version":[{"id":190,"href":"https:\/\/destination-ia.com\/index.php\/wp-json\/wp\/v2\/pages\/189\/revisions\/190"}],"wp:attachment":[{"href":"https:\/\/destination-ia.com\/index.php\/wp-json\/wp\/v2\/media?parent=189"}],"curies":[{"name":"wp","href":"https:\/\/api.w.org\/{rel}","templated":true}]}}