{"id":2,"date":"2025-01-25T18:22:44","date_gmt":"2025-01-25T17:22:44","guid":{"rendered":"https:\/\/destination-ia.com\/?page_id=2"},"modified":"2025-01-29T01:09:02","modified_gmt":"2025-01-29T00:09:02","slug":"a-propos","status":"publish","type":"page","link":"https:\/\/destination-ia.com\/index.php\/a-propos\/","title":{"rendered":"A propos"},"content":{"rendered":"\n<p><strong>Bienvenue sur Destination.IA, votre guide pour d\u00e9couvrir et ma\u00eetriser l\u2019intelligence artificielle !<\/strong><\/p>\n\n\n\n<p>Je m&rsquo;appelle Emmanuel, ing\u00e9nieur, entrepreneur et v\u00e9ritable geek de l\u2019IA. J\u2019utilise l\u2019intelligence artificielle non seulement pour d\u00e9velopper mes comp\u00e9tences et optimiser mon activit\u00e9, mais aussi parce que je suis passionn\u00e9 par les perspectives infinies qu\u2019elle offre.<\/p>\n\n\n\n<p>En explorant ce domaine, je me suis rendu compte que la majorit\u00e9 des gens n\u2019\u00e9taient pas conscients des possibilit\u00e9s incroyables qu\u2019ouvre l\u2019IA, que ce soit pour simplifier leur quotidien ou transformer leur fa\u00e7on de travailler. C\u2019est pourquoi j\u2019ai cr\u00e9\u00e9 Destination.IA : un espace pour partager mes connaissances, vulgariser les concepts de l\u2019IA, et accompagner ceux qui veulent d\u00e9couvrir cet univers fascinant.<\/p>\n\n\n\n<p>En plus de ce blog, je suis \u00e9galement formateur autour de l&rsquo;IA et auteur du livre <strong>\u00ab\u00a0Comment \u00e9conomiser 1h par jour (et plus !) gr\u00e2ce \u00e0 l\u2019IA et ChatGPT\u00a0\u00bb<\/strong> qui va bient\u00f4t para\u00eetre, un guide pratique pour int\u00e9grer facilement ces outils \u00e0 votre vie personnelle et professionnelle.<\/p>\n\n\n\n<p>Sur Destination.IA, vous trouverez :<\/p>\n\n\n\n<ul class=\"wp-block-list\">\n<li><strong>Des guides pratiques<\/strong> pour comprendre et ma\u00eetriser les bases de l\u2019IA,<\/li>\n\n\n\n<li><strong>Des formations accessibles \u00e0 tous<\/strong>, pour apprendre \u00e0 utiliser des outils comme ChatGPT efficacement,<\/li>\n\n\n\n<li><strong>Des articles et vid\u00e9os<\/strong> qui explorent les nombreuses applications de l\u2019IA et ses impacts sur notre quotidien.<\/li>\n<\/ul>\n\n\n\n<p>Que vous soyez un professionnel cherchant \u00e0 optimiser votre activit\u00e9, ou simplement curieux d\u2019en apprendre plus sur l\u2019IA, ce site est fait pour vous. Mon objectif est de rendre cette technologie accessible, utile et adapt\u00e9e \u00e0 vos besoins, sans jargon technique inutile.<\/p>\n\n\n\n<p><strong>Pr\u00eat \u00e0 explorer tout ce que l\u2019IA peut vous apporter ?<\/strong><br>Rejoignez-moi dans cette aventure et d\u00e9couvrez comment l\u2019intelligence artificielle peut r\u00e9volutionner votre quotidien.<\/p>\n\n\n<!-- wp:themify-builder\/canvas \/-->","protected":false},"excerpt":{"rendered":"<p>Bienvenue sur Destination.IA, votre guide pour d\u00e9couvrir et ma\u00eetriser l\u2019intelligence artificielle ! Je m&rsquo;appelle Emmanuel, ing\u00e9nieur, entrepreneur et v\u00e9ritable geek de l\u2019IA. J\u2019utilise l\u2019intelligence artificielle non seulement pour d\u00e9velopper mes comp\u00e9tences et optimiser mon activit\u00e9, mais aussi parce que je suis passionn\u00e9 par les perspectives infinies qu\u2019elle offre. En explorant ce domaine, je me suis [&hellip;]<\/p>\n","protected":false},"author":1,"featured_media":364,"parent":0,"menu_order":0,"comment_status":"closed","ping_status":"open","template":"","meta":{"footnotes":""},"class_list":["post-2","page","type-page","status-publish","has-post-thumbnail","hentry","has-post-title","has-post-date","has-post-category","has-post-tag","has-post-comment","has-post-author",""],"yoast_head":"<!-- This site is optimized with the Yoast SEO plugin v24.3 - https:\/\/yoast.com\/wordpress\/plugins\/seo\/ -->\n<title>A propos -<\/title>\n<meta name=\"robots\" content=\"index, follow, max-snippet:-1, max-image-preview:large, max-video-preview:-1\" \/>\n<link rel=\"canonical\" href=\"https:\/\/destination-ia.com\/index.php\/a-propos\/\" \/>\n<meta property=\"og:locale\" content=\"fr_FR\" \/>\n<meta property=\"og:type\" content=\"article\" \/>\n<meta property=\"og:title\" content=\"A propos -\" \/>\n<meta property=\"og:description\" content=\"Bienvenue sur Destination.IA, votre guide pour d\u00e9couvrir et ma\u00eetriser l\u2019intelligence artificielle ! Je m&rsquo;appelle Emmanuel, ing\u00e9nieur, entrepreneur et v\u00e9ritable geek de l\u2019IA. J\u2019utilise l\u2019intelligence artificielle non seulement pour d\u00e9velopper mes comp\u00e9tences et optimiser mon activit\u00e9, mais aussi parce que je suis passionn\u00e9 par les perspectives infinies qu\u2019elle offre. En explorant ce domaine, je me suis [&hellip;]\" \/>\n<meta property=\"og:url\" content=\"https:\/\/destination-ia.com\/index.php\/a-propos\/\" \/>\n<meta property=\"article:modified_time\" content=\"2025-01-29T00:09:02+00:00\" \/>\n<meta property=\"og:image\" content=\"https:\/\/destination-ia.com\/wp-content\/uploads\/2025\/01\/New-Picture-10.png\" \/>\n\t<meta property=\"og:image:width\" content=\"448\" \/>\n\t<meta property=\"og:image:height\" content=\"331\" \/>\n\t<meta property=\"og:image:type\" content=\"image\/png\" \/>\n<meta name=\"twitter:card\" content=\"summary_large_image\" \/>\n<meta name=\"twitter:label1\" content=\"Dur\u00e9e de lecture estim\u00e9e\" \/>\n\t<meta name=\"twitter:data1\" content=\"1 minute\" \/>\n<script type=\"application\/ld+json\" class=\"yoast-schema-graph\">{\"@context\":\"https:\/\/schema.org\",\"@graph\":[{\"@type\":\"WebPage\",\"@id\":\"https:\/\/destination-ia.com\/index.php\/a-propos\/\",\"url\":\"https:\/\/destination-ia.com\/index.php\/a-propos\/\",\"name\":\"A propos -\",\"isPartOf\":{\"@id\":\"https:\/\/destination-ia.com\/#website\"},\"primaryImageOfPage\":{\"@id\":\"https:\/\/destination-ia.com\/index.php\/a-propos\/#primaryimage\"},\"image\":{\"@id\":\"https:\/\/destination-ia.com\/index.php\/a-propos\/#primaryimage\"},\"thumbnailUrl\":\"https:\/\/destination-ia.com\/wp-content\/uploads\/2025\/01\/New-Picture-10.png\",\"datePublished\":\"2025-01-25T17:22:44+00:00\",\"dateModified\":\"2025-01-29T00:09:02+00:00\",\"breadcrumb\":{\"@id\":\"https:\/\/destination-ia.com\/index.php\/a-propos\/#breadcrumb\"},\"inLanguage\":\"fr-FR\",\"potentialAction\":[{\"@type\":\"ReadAction\",\"target\":[\"https:\/\/destination-ia.com\/index.php\/a-propos\/\"]}]},{\"@type\":\"ImageObject\",\"inLanguage\":\"fr-FR\",\"@id\":\"https:\/\/destination-ia.com\/index.php\/a-propos\/#primaryimage\",\"url\":\"https:\/\/destination-ia.com\/wp-content\/uploads\/2025\/01\/New-Picture-10.png\",\"contentUrl\":\"https:\/\/destination-ia.com\/wp-content\/uploads\/2025\/01\/New-Picture-10.png\",\"width\":448,\"height\":331},{\"@type\":\"BreadcrumbList\",\"@id\":\"https:\/\/destination-ia.com\/index.php\/a-propos\/#breadcrumb\",\"itemListElement\":[{\"@type\":\"ListItem\",\"position\":1,\"name\":\"Accueil\",\"item\":\"https:\/\/destination-ia.com\/\"},{\"@type\":\"ListItem\",\"position\":2,\"name\":\"A propos\"}]},{\"@type\":\"WebSite\",\"@id\":\"https:\/\/destination-ia.com\/#website\",\"url\":\"https:\/\/destination-ia.com\/\",\"name\":\"DESTINATION IA - Le blog !\",\"description\":\"Explorez dans mon Blog &quot;DESTINATION IA&quot; un monde o\u00f9 l&#039;intelligence artificielle simplifie, inspire et transforme notre quotidien. Que vous soyez curieux, cr\u00e9atif ou visionnaire, d\u00e9couvrez des histoires captivantes, des outils pratiques et des perspectives \u00e9tonnantes pour comprendre comment l\u2019IA fa\u00e7onne d\u00e9j\u00e0 notre quotidien et red\u00e9finit notre avenir\",\"publisher\":{\"@id\":\"https:\/\/destination-ia.com\/#\/schema\/person\/2b837adfeb818f347b89a0f4d4d632ec\"},\"potentialAction\":[{\"@type\":\"SearchAction\",\"target\":{\"@type\":\"EntryPoint\",\"urlTemplate\":\"https:\/\/destination-ia.com\/?s={search_term_string}\"},\"query-input\":{\"@type\":\"PropertyValueSpecification\",\"valueRequired\":true,\"valueName\":\"search_term_string\"}}],\"inLanguage\":\"fr-FR\"},{\"@type\":[\"Person\",\"Organization\"],\"@id\":\"https:\/\/destination-ia.com\/#\/schema\/person\/2b837adfeb818f347b89a0f4d4d632ec\",\"name\":\"Emmanuel Ferrand\",\"image\":{\"@type\":\"ImageObject\",\"inLanguage\":\"fr-FR\",\"@id\":\"https:\/\/destination-ia.com\/#\/schema\/person\/image\/\",\"url\":\"https:\/\/destination-ia.com\/wp-content\/uploads\/2025\/01\/New-Picture-10.png\",\"contentUrl\":\"https:\/\/destination-ia.com\/wp-content\/uploads\/2025\/01\/New-Picture-10.png\",\"width\":448,\"height\":331,\"caption\":\"Emmanuel Ferrand\"},\"logo\":{\"@id\":\"https:\/\/destination-ia.com\/#\/schema\/person\/image\/\"},\"sameAs\":[\"https:\/\/destination-ia.com\"]}]}<\/script>\n<!-- \/ Yoast SEO plugin. -->","yoast_head_json":{"title":"A propos -","robots":{"index":"index","follow":"follow","max-snippet":"max-snippet:-1","max-image-preview":"max-image-preview:large","max-video-preview":"max-video-preview:-1"},"canonical":"https:\/\/destination-ia.com\/index.php\/a-propos\/","og_locale":"fr_FR","og_type":"article","og_title":"A propos -","og_description":"Bienvenue sur Destination.IA, votre guide pour d\u00e9couvrir et ma\u00eetriser l\u2019intelligence artificielle ! Je m&rsquo;appelle Emmanuel, ing\u00e9nieur, entrepreneur et v\u00e9ritable geek de l\u2019IA. J\u2019utilise l\u2019intelligence artificielle non seulement pour d\u00e9velopper mes comp\u00e9tences et optimiser mon activit\u00e9, mais aussi parce que je suis passionn\u00e9 par les perspectives infinies qu\u2019elle offre. En explorant ce domaine, je me suis [&hellip;]","og_url":"https:\/\/destination-ia.com\/index.php\/a-propos\/","article_modified_time":"2025-01-29T00:09:02+00:00","og_image":[{"width":448,"height":331,"url":"https:\/\/destination-ia.com\/wp-content\/uploads\/2025\/01\/New-Picture-10.png","type":"image\/png"}],"twitter_card":"summary_large_image","twitter_misc":{"Dur\u00e9e de lecture estim\u00e9e":"1 minute"},"schema":{"@context":"https:\/\/schema.org","@graph":[{"@type":"WebPage","@id":"https:\/\/destination-ia.com\/index.php\/a-propos\/","url":"https:\/\/destination-ia.com\/index.php\/a-propos\/","name":"A propos -","isPartOf":{"@id":"https:\/\/destination-ia.com\/#website"},"primaryImageOfPage":{"@id":"https:\/\/destination-ia.com\/index.php\/a-propos\/#primaryimage"},"image":{"@id":"https:\/\/destination-ia.com\/index.php\/a-propos\/#primaryimage"},"thumbnailUrl":"https:\/\/destination-ia.com\/wp-content\/uploads\/2025\/01\/New-Picture-10.png","datePublished":"2025-01-25T17:22:44+00:00","dateModified":"2025-01-29T00:09:02+00:00","breadcrumb":{"@id":"https:\/\/destination-ia.com\/index.php\/a-propos\/#breadcrumb"},"inLanguage":"fr-FR","potentialAction":[{"@type":"ReadAction","target":["https:\/\/destination-ia.com\/index.php\/a-propos\/"]}]},{"@type":"ImageObject","inLanguage":"fr-FR","@id":"https:\/\/destination-ia.com\/index.php\/a-propos\/#primaryimage","url":"https:\/\/destination-ia.com\/wp-content\/uploads\/2025\/01\/New-Picture-10.png","contentUrl":"https:\/\/destination-ia.com\/wp-content\/uploads\/2025\/01\/New-Picture-10.png","width":448,"height":331},{"@type":"BreadcrumbList","@id":"https:\/\/destination-ia.com\/index.php\/a-propos\/#breadcrumb","itemListElement":[{"@type":"ListItem","position":1,"name":"Accueil","item":"https:\/\/destination-ia.com\/"},{"@type":"ListItem","position":2,"name":"A propos"}]},{"@type":"WebSite","@id":"https:\/\/destination-ia.com\/#website","url":"https:\/\/destination-ia.com\/","name":"DESTINATION IA - Le blog !","description":"Explorez dans mon Blog &quot;DESTINATION IA&quot; un monde o\u00f9 l&#039;intelligence artificielle simplifie, inspire et transforme notre quotidien. Que vous soyez curieux, cr\u00e9atif ou visionnaire, d\u00e9couvrez des histoires captivantes, des outils pratiques et des perspectives \u00e9tonnantes pour comprendre comment l\u2019IA fa\u00e7onne d\u00e9j\u00e0 notre quotidien et red\u00e9finit notre avenir","publisher":{"@id":"https:\/\/destination-ia.com\/#\/schema\/person\/2b837adfeb818f347b89a0f4d4d632ec"},"potentialAction":[{"@type":"SearchAction","target":{"@type":"EntryPoint","urlTemplate":"https:\/\/destination-ia.com\/?s={search_term_string}"},"query-input":{"@type":"PropertyValueSpecification","valueRequired":true,"valueName":"search_term_string"}}],"inLanguage":"fr-FR"},{"@type":["Person","Organization"],"@id":"https:\/\/destination-ia.com\/#\/schema\/person\/2b837adfeb818f347b89a0f4d4d632ec","name":"Emmanuel Ferrand","image":{"@type":"ImageObject","inLanguage":"fr-FR","@id":"https:\/\/destination-ia.com\/#\/schema\/person\/image\/","url":"https:\/\/destination-ia.com\/wp-content\/uploads\/2025\/01\/New-Picture-10.png","contentUrl":"https:\/\/destination-ia.com\/wp-content\/uploads\/2025\/01\/New-Picture-10.png","width":448,"height":331,"caption":"Emmanuel Ferrand"},"logo":{"@id":"https:\/\/destination-ia.com\/#\/schema\/person\/image\/"},"sameAs":["https:\/\/destination-ia.com"]}]}},"builder_content":"","_links":{"self":[{"href":"https:\/\/destination-ia.com\/index.php\/wp-json\/wp\/v2\/pages\/2","targetHints":{"allow":["GET"]}}],"collection":[{"href":"https:\/\/destination-ia.com\/index.php\/wp-json\/wp\/v2\/pages"}],"about":[{"href":"https:\/\/destination-ia.com\/index.php\/wp-json\/wp\/v2\/types\/page"}],"author":[{"embeddable":true,"href":"https:\/\/destination-ia.com\/index.php\/wp-json\/wp\/v2\/users\/1"}],"replies":[{"embeddable":true,"href":"https:\/\/destination-ia.com\/index.php\/wp-json\/wp\/v2\/comments?post=2"}],"version-history":[{"count":9,"href":"https:\/\/destination-ia.com\/index.php\/wp-json\/wp\/v2\/pages\/2\/revisions"}],"predecessor-version":[{"id":365,"href":"https:\/\/destination-ia.com\/index.php\/wp-json\/wp\/v2\/pages\/2\/revisions\/365"}],"wp:featuredmedia":[{"embeddable":true,"href":"https:\/\/destination-ia.com\/index.php\/wp-json\/wp\/v2\/media\/364"}],"wp:attachment":[{"href":"https:\/\/destination-ia.com\/index.php\/wp-json\/wp\/v2\/media?parent=2"}],"curies":[{"name":"wp","href":"https:\/\/api.w.org\/{rel}","templated":true}]}}