{"id":210,"date":"2011-03-23T23:43:57","date_gmt":"2011-03-23T22:43:57","guid":{"rendered":"https:\/\/destination-ia.com\/index.php\/layouts\/right-sidebar\/thumb-image-list\/"},"modified":"2011-03-23T23:43:57","modified_gmt":"2011-03-23T22:43:57","slug":"thumb-image-list","status":"publish","type":"page","link":"https:\/\/destination-ia.com\/index.php\/thumb-image-list\/","title":{"rendered":"Thumb Image List"},"content":{"rendered":"","protected":false},"excerpt":{"rendered":"","protected":false},"author":1,"featured_media":0,"parent":0,"menu_order":0,"comment_status":"closed","ping_status":"closed","template":"","meta":{"footnotes":""},"class_list":["post-210","page","type-page","status-publish","hentry","has-post-title","has-post-date","has-post-category","has-post-tag","has-post-comment","has-post-author",""],"yoast_head":"<!-- This site is optimized with the Yoast SEO plugin v24.3 - https:\/\/yoast.com\/wordpress\/plugins\/seo\/ -->\n<title>Thumb Image List -<\/title>\n<meta name=\"robots\" content=\"index, follow, max-snippet:-1, max-image-preview:large, max-video-preview:-1\" \/>\n<link rel=\"canonical\" href=\"https:\/\/destination-ia.com\/index.php\/layouts__trashed\/right-sidebar__trashed\/thumb-image-list\/\" \/>\n<meta property=\"og:locale\" content=\"fr_FR\" \/>\n<meta property=\"og:type\" content=\"article\" \/>\n<meta property=\"og:title\" content=\"Thumb Image List -\" \/>\n<meta property=\"og:url\" content=\"https:\/\/destination-ia.com\/index.php\/layouts__trashed\/right-sidebar__trashed\/thumb-image-list\/\" \/>\n<meta name=\"twitter:card\" content=\"summary_large_image\" \/>\n<script type=\"application\/ld+json\" class=\"yoast-schema-graph\">{\"@context\":\"https:\/\/schema.org\",\"@graph\":[{\"@type\":\"WebPage\",\"@id\":\"https:\/\/destination-ia.com\/index.php\/layouts__trashed\/right-sidebar__trashed\/thumb-image-list\/\",\"url\":\"https:\/\/destination-ia.com\/index.php\/layouts__trashed\/right-sidebar__trashed\/thumb-image-list\/\",\"name\":\"Thumb Image List -\",\"isPartOf\":{\"@id\":\"https:\/\/destination-ia.com\/#website\"},\"datePublished\":\"2011-03-23T22:43:57+00:00\",\"dateModified\":\"2011-03-23T22:43:57+00:00\",\"breadcrumb\":{\"@id\":\"https:\/\/destination-ia.com\/index.php\/layouts__trashed\/right-sidebar__trashed\/thumb-image-list\/#breadcrumb\"},\"inLanguage\":\"fr-FR\",\"potentialAction\":[{\"@type\":\"ReadAction\",\"target\":[\"https:\/\/destination-ia.com\/index.php\/layouts__trashed\/right-sidebar__trashed\/thumb-image-list\/\"]}]},{\"@type\":\"BreadcrumbList\",\"@id\":\"https:\/\/destination-ia.com\/index.php\/layouts__trashed\/right-sidebar__trashed\/thumb-image-list\/#breadcrumb\",\"itemListElement\":[{\"@type\":\"ListItem\",\"position\":1,\"name\":\"Accueil\",\"item\":\"https:\/\/destination-ia.com\/\"},{\"@type\":\"ListItem\",\"position\":2,\"name\":\"Thumb Image List\"}]},{\"@type\":\"WebSite\",\"@id\":\"https:\/\/destination-ia.com\/#website\",\"url\":\"https:\/\/destination-ia.com\/\",\"name\":\"DESTINATION IA - Le blog !\",\"description\":\"Explorez dans mon Blog &quot;DESTINATION IA&quot; un monde o\u00f9 l&#039;intelligence artificielle simplifie, inspire et transforme notre quotidien. Que vous soyez curieux, cr\u00e9atif ou visionnaire, d\u00e9couvrez des histoires captivantes, des outils pratiques et des perspectives \u00e9tonnantes pour comprendre comment l\u2019IA fa\u00e7onne d\u00e9j\u00e0 notre quotidien et red\u00e9finit notre avenir\",\"publisher\":{\"@id\":\"https:\/\/destination-ia.com\/#\/schema\/person\/2b837adfeb818f347b89a0f4d4d632ec\"},\"potentialAction\":[{\"@type\":\"SearchAction\",\"target\":{\"@type\":\"EntryPoint\",\"urlTemplate\":\"https:\/\/destination-ia.com\/?s={search_term_string}\"},\"query-input\":{\"@type\":\"PropertyValueSpecification\",\"valueRequired\":true,\"valueName\":\"search_term_string\"}}],\"inLanguage\":\"fr-FR\"},{\"@type\":[\"Person\",\"Organization\"],\"@id\":\"https:\/\/destination-ia.com\/#\/schema\/person\/2b837adfeb818f347b89a0f4d4d632ec\",\"name\":\"Emmanuel Ferrand\",\"image\":{\"@type\":\"ImageObject\",\"inLanguage\":\"fr-FR\",\"@id\":\"https:\/\/destination-ia.com\/#\/schema\/person\/image\/\",\"url\":\"https:\/\/destination-ia.com\/wp-content\/uploads\/2025\/01\/New-Picture-10.png\",\"contentUrl\":\"https:\/\/destination-ia.com\/wp-content\/uploads\/2025\/01\/New-Picture-10.png\",\"width\":448,\"height\":331,\"caption\":\"Emmanuel Ferrand\"},\"logo\":{\"@id\":\"https:\/\/destination-ia.com\/#\/schema\/person\/image\/\"},\"sameAs\":[\"https:\/\/destination-ia.com\"]}]}<\/script>\n<!-- \/ Yoast SEO plugin. -->","yoast_head_json":{"title":"Thumb Image List -","robots":{"index":"index","follow":"follow","max-snippet":"max-snippet:-1","max-image-preview":"max-image-preview:large","max-video-preview":"max-video-preview:-1"},"canonical":"https:\/\/destination-ia.com\/index.php\/layouts__trashed\/right-sidebar__trashed\/thumb-image-list\/","og_locale":"fr_FR","og_type":"article","og_title":"Thumb Image List -","og_url":"https:\/\/destination-ia.com\/index.php\/layouts__trashed\/right-sidebar__trashed\/thumb-image-list\/","twitter_card":"summary_large_image","schema":{"@context":"https:\/\/schema.org","@graph":[{"@type":"WebPage","@id":"https:\/\/destination-ia.com\/index.php\/layouts__trashed\/right-sidebar__trashed\/thumb-image-list\/","url":"https:\/\/destination-ia.com\/index.php\/layouts__trashed\/right-sidebar__trashed\/thumb-image-list\/","name":"Thumb Image List -","isPartOf":{"@id":"https:\/\/destination-ia.com\/#website"},"datePublished":"2011-03-23T22:43:57+00:00","dateModified":"2011-03-23T22:43:57+00:00","breadcrumb":{"@id":"https:\/\/destination-ia.com\/index.php\/layouts__trashed\/right-sidebar__trashed\/thumb-image-list\/#breadcrumb"},"inLanguage":"fr-FR","potentialAction":[{"@type":"ReadAction","target":["https:\/\/destination-ia.com\/index.php\/layouts__trashed\/right-sidebar__trashed\/thumb-image-list\/"]}]},{"@type":"BreadcrumbList","@id":"https:\/\/destination-ia.com\/index.php\/layouts__trashed\/right-sidebar__trashed\/thumb-image-list\/#breadcrumb","itemListElement":[{"@type":"ListItem","position":1,"name":"Accueil","item":"https:\/\/destination-ia.com\/"},{"@type":"ListItem","position":2,"name":"Thumb Image List"}]},{"@type":"WebSite","@id":"https:\/\/destination-ia.com\/#website","url":"https:\/\/destination-ia.com\/","name":"DESTINATION IA - Le blog !","description":"Explorez dans mon Blog &quot;DESTINATION IA&quot; un monde o\u00f9 l&#039;intelligence artificielle simplifie, inspire et transforme notre quotidien. Que vous soyez curieux, cr\u00e9atif ou visionnaire, d\u00e9couvrez des histoires captivantes, des outils pratiques et des perspectives \u00e9tonnantes pour comprendre comment l\u2019IA fa\u00e7onne d\u00e9j\u00e0 notre quotidien et red\u00e9finit notre avenir","publisher":{"@id":"https:\/\/destination-ia.com\/#\/schema\/person\/2b837adfeb818f347b89a0f4d4d632ec"},"potentialAction":[{"@type":"SearchAction","target":{"@type":"EntryPoint","urlTemplate":"https:\/\/destination-ia.com\/?s={search_term_string}"},"query-input":{"@type":"PropertyValueSpecification","valueRequired":true,"valueName":"search_term_string"}}],"inLanguage":"fr-FR"},{"@type":["Person","Organization"],"@id":"https:\/\/destination-ia.com\/#\/schema\/person\/2b837adfeb818f347b89a0f4d4d632ec","name":"Emmanuel Ferrand","image":{"@type":"ImageObject","inLanguage":"fr-FR","@id":"https:\/\/destination-ia.com\/#\/schema\/person\/image\/","url":"https:\/\/destination-ia.com\/wp-content\/uploads\/2025\/01\/New-Picture-10.png","contentUrl":"https:\/\/destination-ia.com\/wp-content\/uploads\/2025\/01\/New-Picture-10.png","width":448,"height":331,"caption":"Emmanuel Ferrand"},"logo":{"@id":"https:\/\/destination-ia.com\/#\/schema\/person\/image\/"},"sameAs":["https:\/\/destination-ia.com"]}]}},"builder_content":"","_links":{"self":[{"href":"https:\/\/destination-ia.com\/index.php\/wp-json\/wp\/v2\/pages\/210","targetHints":{"allow":["GET"]}}],"collection":[{"href":"https:\/\/destination-ia.com\/index.php\/wp-json\/wp\/v2\/pages"}],"about":[{"href":"https:\/\/destination-ia.com\/index.php\/wp-json\/wp\/v2\/types\/page"}],"author":[{"embeddable":true,"href":"https:\/\/destination-ia.com\/index.php\/wp-json\/wp\/v2\/users\/1"}],"replies":[{"embeddable":true,"href":"https:\/\/destination-ia.com\/index.php\/wp-json\/wp\/v2\/comments?post=210"}],"version-history":[{"count":0,"href":"https:\/\/destination-ia.com\/index.php\/wp-json\/wp\/v2\/pages\/210\/revisions"}],"wp:attachment":[{"href":"https:\/\/destination-ia.com\/index.php\/wp-json\/wp\/v2\/media?parent=210"}],"curies":[{"name":"wp","href":"https:\/\/api.w.org\/{rel}","templated":true}]}}